{"id":574,"date":"2025-03-23T22:37:53","date_gmt":"2025-03-23T22:37:53","guid":{"rendered":"https:\/\/hubbioeconomia.com\/?page_id=574"},"modified":"2025-05-08T19:06:30","modified_gmt":"2025-05-08T19:06:30","slug":"registro-diplomado","status":"publish","type":"page","link":"https:\/\/hubbioeconomia.com\/en\/registro-diplomado\/","title":{"rendered":"REGISTRO DIPLOMADO"},"content":{"rendered":"<div data-elementor-type=\"wp-page\" data-elementor-id=\"574\" class=\"elementor elementor-574\" data-elementor-post-type=\"page\">\n\t\t\t\t<div class=\"elementor-element elementor-element-47a1289 e-con-full e-flex e-con e-parent\" data-id=\"47a1289\" data-element_type=\"container\" data-e-type=\"container\" data-settings=\"{&quot;background_background&quot;:&quot;gradient&quot;,&quot;shape_divider_bottom&quot;:&quot;mountains&quot;}\">\n\t\t\t\t<div class=\"elementor-shape elementor-shape-bottom\" aria-hidden=\"true\" data-negative=\"false\">\n\t\t\t<svg xmlns=\"http:\/\/www.w3.org\/2000\/svg\" viewbox=\"0 0 1000 100\" preserveaspectratio=\"none\">\n\t<path class=\"elementor-shape-fill\" opacity=\"0.33\" d=\"M473,67.3c-203.9,88.3-263.1-34-320.3,0C66,119.1,0,59.7,0,59.7V0h1000v59.7 c0,0-62.1,26.1-94.9,29.3c-32.8,3.3-62.8-12.3-75.8-22.1C806,49.6,745.3,8.7,694.9,4.7S492.4,59,473,67.3z\"\/>\n\t<path class=\"elementor-shape-fill\" opacity=\"0.66\" d=\"M734,67.3c-45.5,0-77.2-23.2-129.1-39.1c-28.6-8.7-150.3-10.1-254,39.1 s-91.7-34.4-149.2,0C115.7,118.3,0,39.8,0,39.8V0h1000v36.5c0,0-28.2-18.5-92.1-18.5C810.2,18.1,775.7,67.3,734,67.3z\"\/>\n\t<path class=\"elementor-shape-fill\" d=\"M766.1,28.9c-200-57.5-266,65.5-395.1,19.5C242,1.8,242,5.4,184.8,20.6C128,35.8,132.3,44.9,89.9,52.5C28.6,63.7,0,0,0,0 h1000c0,0-9.9,40.9-83.6,48.1S829.6,47,766.1,28.9z\"\/>\n<\/svg>\t\t<\/div>\n\t\t\t\t<div class=\"elementor-element elementor-element-e66df44 elementor-widget elementor-widget-heading\" data-id=\"e66df44\" data-element_type=\"widget\" data-e-type=\"widget\" data-widget_type=\"heading.default\">\n\t\t\t\t<div class=\"elementor-widget-container\">\n\t\t\t\t\t<h2 class=\"elementor-heading-title elementor-size-default\">POSTULACI\u00d3N DIPLOMADO EN BIOECONOM\u00cdA<\/h2>\t\t\t\t<\/div>\n\t\t\t\t<\/div>\n\t\t<div class=\"elementor-element elementor-element-876c34c e-flex e-con-boxed e-con e-child\" data-id=\"876c34c\" data-element_type=\"container\" data-e-type=\"container\">\n\t\t\t\t\t<div class=\"e-con-inner\">\n\t\t<div class=\"elementor-element elementor-element-da1d861 e-grid e-con-full e-con e-child\" data-id=\"da1d861\" data-element_type=\"container\" data-e-type=\"container\" data-settings=\"{&quot;background_background&quot;:&quot;classic&quot;}\">\n\t\t<div class=\"elementor-element elementor-element-4981f29 e-con-full e-flex e-con e-child\" data-id=\"4981f29\" data-element_type=\"container\" data-e-type=\"container\" data-settings=\"{&quot;background_background&quot;:&quot;classic&quot;}\">\n\t\t\t\t<div class=\"elementor-element elementor-element-6710f43 elementor-widget elementor-widget-heading\" data-id=\"6710f43\" data-element_type=\"widget\" data-e-type=\"widget\" data-widget_type=\"heading.default\">\n\t\t\t\t<div class=\"elementor-widget-container\">\n\t\t\t\t\t<h2 class=\"elementor-heading-title elementor-size-default\">Formulario de postulaci\u00f3n<\/h2>\t\t\t\t<\/div>\n\t\t\t\t<\/div>\n\t\t\t\t<div class=\"elementor-element elementor-element-c41b048 elementor-button-align-stretch elementor-widget elementor-widget-form\" data-id=\"c41b048\" data-element_type=\"widget\" data-e-type=\"widget\" data-settings=\"{&quot;step_next_label&quot;:&quot;Next&quot;,&quot;step_previous_label&quot;:&quot;Previous&quot;,&quot;button_width&quot;:&quot;100&quot;,&quot;step_type&quot;:&quot;number_text&quot;,&quot;step_icon_shape&quot;:&quot;circle&quot;}\" data-widget_type=\"form.default\">\n\t\t\t\t<div class=\"elementor-widget-container\">\n\t\t\t\t\t\t\t<form class=\"elementor-form\" method=\"post\" name=\"New Form\" action=\"\">\n\t\t\t<input type=\"hidden\" name=\"post_id\" value=\"574\"\/>\n\t\t\t<input type=\"hidden\" name=\"form_id\" value=\"c41b048\"\/>\n\t\t\t<input type=\"hidden\" name=\"referer_title\" value=\"REGISTRO DIPLOMADO -\" \/>\n\n\t\t\t\t\t\t\t<input type=\"hidden\" name=\"queried_id\" value=\"574\"\/>\n\t\t\t\n\t\t\t<div class=\"elementor-form-fields-wrapper elementor-labels-above\">\n\t\t\t\t\t\t\t\t<div class=\"elementor-field-type-text elementor-field-group elementor-column elementor-field-group-name elementor-col-100 elementor-field-required\">\n\t\t\t\t\t\t\t\t\t\t\t\t<label for=\"form-field-name\" class=\"elementor-field-label\">\n\t\t\t\t\t\t\t\tNombres y apellidos\t\t\t\t\t\t\t<\/label>\n\t\t\t\t\t\t\t\t\t\t\t\t\t\t<input size=\"1\" type=\"text\" name=\"form_fields[name]\" id=\"form-field-name\" class=\"elementor-field elementor-size-sm  elementor-field-textual\" placeholder=\"Escriba aqu\u00ed ...\" required=\"required\">\n\t\t\t\t\t\t\t\t\t\t\t<\/div>\n\t\t\t\t\t\t\t\t<div class=\"elementor-field-type-tel elementor-field-group elementor-column elementor-field-group-field_24613d0 elementor-col-100 elementor-field-required\">\n\t\t\t\t\t\t\t\t\t\t\t\t<label for=\"form-field-field_24613d0\" class=\"elementor-field-label\">\n\t\t\t\t\t\t\t\tCelular\t\t\t\t\t\t\t<\/label>\n\t\t\t\t\t\t\t\t<input size=\"1\" type=\"tel\" name=\"form_fields[field_24613d0]\" id=\"form-field-field_24613d0\" class=\"elementor-field elementor-size-sm  elementor-field-textual\" placeholder=\"Escriba aqu\u00ed ...\" required=\"required\" pattern=\"[0-9()#&amp;+*-=.]+\" title=\"Only numbers and phone characters (#, -, *, etc) are accepted.\">\n\n\t\t\t\t\t\t<\/div>\n\t\t\t\t\t\t\t\t<div class=\"elementor-field-type-email elementor-field-group elementor-column elementor-field-group-email elementor-col-100 elementor-field-required\">\n\t\t\t\t\t\t\t\t\t\t\t\t<label for=\"form-field-email\" class=\"elementor-field-label\">\n\t\t\t\t\t\t\t\tCorreo Electr\u00f3nico\t\t\t\t\t\t\t<\/label>\n\t\t\t\t\t\t\t\t\t\t\t\t\t\t<input size=\"1\" type=\"email\" name=\"form_fields[email]\" id=\"form-field-email\" class=\"elementor-field elementor-size-sm  elementor-field-textual\" placeholder=\"Escriba aqu\u00ed ...\" required=\"required\">\n\t\t\t\t\t\t\t\t\t\t\t<\/div>\n\t\t\t\t\t\t\t\t<div class=\"elementor-field-type-radio elementor-field-group elementor-column elementor-field-group-field_8bcaac4 elementor-col-100 elementor-field-required\">\n\t\t\t\t\t\t\t\t\t\t\t\t<label for=\"form-field-field_8bcaac4\" class=\"elementor-field-label\">\n\t\t\t\t\t\t\t\tSoy:\t\t\t\t\t\t\t<\/label>\n\t\t\t\t\t\t<div class=\"elementor-field-subgroup\"><span class=\"elementor-field-option\"><input type=\"radio\" value=\"Empresas de base tecnol\u00f3gica\" id=\"form-field-field_8bcaac4-0\" name=\"form_fields[field_8bcaac4]\" required=\"required\"> <label for=\"form-field-field_8bcaac4-0\">Empresas de base tecnol\u00f3gica<\/label><\/span><span class=\"elementor-field-option\"><input type=\"radio\" value=\"Universidades y centros de investigaci\u00f3n\" id=\"form-field-field_8bcaac4-1\" name=\"form_fields[field_8bcaac4]\" required=\"required\"> <label for=\"form-field-field_8bcaac4-1\">Universidades y centros de investigaci\u00f3n<\/label><\/span><span class=\"elementor-field-option\"><input type=\"radio\" value=\"Grupos de investigaci\u00f3n y actores del ecosistema de innovaci\u00f3n\" id=\"form-field-field_8bcaac4-2\" name=\"form_fields[field_8bcaac4]\" required=\"required\"> <label for=\"form-field-field_8bcaac4-2\">Grupos de investigaci\u00f3n y actores del ecosistema de innovaci\u00f3n<\/label><\/span><span class=\"elementor-field-option\"><input type=\"radio\" value=\"Emprendedor\" id=\"form-field-field_8bcaac4-3\" name=\"form_fields[field_8bcaac4]\" required=\"required\"> <label for=\"form-field-field_8bcaac4-3\">Emprendedor<\/label><\/span><\/div>\t\t\t\t<\/div>\n\t\t\t\t\t\t\t\t<div class=\"elementor-field-type-radio elementor-field-group elementor-column elementor-field-group-field_cdf57b4 elementor-col-100 elementor-field-required\">\n\t\t\t\t\t\t\t\t\t\t\t\t<label for=\"form-field-field_cdf57b4\" class=\"elementor-field-label\">\n\t\t\t\t\t\t\t\tEstado actual del desarrollo:\t\t\t\t\t\t\t<\/label>\n\t\t\t\t\t\t<div class=\"elementor-field-subgroup\"><span class=\"elementor-field-option\"><input type=\"radio\" value=\"Ideaci\u00f3n\" id=\"form-field-field_cdf57b4-0\" name=\"form_fields[field_cdf57b4]\" required=\"required\"> <label for=\"form-field-field_cdf57b4-0\">Ideaci\u00f3n<\/label><\/span><span class=\"elementor-field-option\"><input type=\"radio\" value=\"Un prototipo\" id=\"form-field-field_cdf57b4-1\" name=\"form_fields[field_cdf57b4]\" required=\"required\"> <label for=\"form-field-field_cdf57b4-1\">Un prototipo<\/label><\/span><span class=\"elementor-field-option\"><input type=\"radio\" value=\"Producto en fase de validaci\u00f3n o Comercializaci\u00f3n\" id=\"form-field-field_cdf57b4-2\" name=\"form_fields[field_cdf57b4]\" required=\"required\"> <label for=\"form-field-field_cdf57b4-2\">Producto en fase de validaci\u00f3n o Comercializaci\u00f3n<\/label><\/span><\/div>\t\t\t\t<\/div>\n\t\t\t\t\t\t\t\t<div class=\"elementor-field-type-text elementor-field-group elementor-column elementor-field-group-field_e8df1f9 elementor-col-100 elementor-field-required\">\n\t\t\t\t\t\t\t\t\t\t\t\t<label for=\"form-field-field_e8df1f9\" class=\"elementor-field-label\">\n\t\t\t\t\t\t\t\tT\u00edtulo del proyecto\t\t\t\t\t\t\t<\/label>\n\t\t\t\t\t\t\t\t\t\t\t\t\t\t<input size=\"1\" type=\"text\" name=\"form_fields[field_e8df1f9]\" id=\"form-field-field_e8df1f9\" class=\"elementor-field elementor-size-sm  elementor-field-textual\" placeholder=\"Escriba aqu\u00ed ...\" required=\"required\">\n\t\t\t\t\t\t\t\t\t\t\t<\/div>\n\t\t\t\t\t\t\t\t<div class=\"elementor-field-type-textarea elementor-field-group elementor-column elementor-field-group-field_1a782a4 elementor-col-100 elementor-field-required\">\n\t\t\t\t\t\t\t\t\t\t\t\t<label for=\"form-field-field_1a782a4\" class=\"elementor-field-label\">\n\t\t\t\t\t\t\t\tIdentificaci\u00f3n de la l\u00ednea de la convocatoria con la que se relaciona el proyecto\t\t\t\t\t\t\t<\/label>\n\t\t\t\t\t\t<textarea class=\"elementor-field-textual elementor-field  elementor-size-sm\" name=\"form_fields[field_1a782a4]\" id=\"form-field-field_1a782a4\" rows=\"4\" placeholder=\"Escriba aqu\u00ed ...\" required=\"required\"><\/textarea>\t\t\t\t<\/div>\n\t\t\t\t\t\t\t\t<div class=\"elementor-field-type-textarea elementor-field-group elementor-column elementor-field-group-field_339006f elementor-col-100 elementor-field-required\">\n\t\t\t\t\t\t\t\t\t\t\t\t<label for=\"form-field-field_339006f\" class=\"elementor-field-label\">\n\t\t\t\t\t\t\t\tExplicaci\u00f3n de la pertinencia del producto o soluci\u00f3n dentro de esta l\u00ednea\t\t\t\t\t\t\t<\/label>\n\t\t\t\t\t\t<textarea class=\"elementor-field-textual elementor-field  elementor-size-sm\" name=\"form_fields[field_339006f]\" id=\"form-field-field_339006f\" rows=\"4\" placeholder=\"Escriba aqu\u00ed ...\" required=\"required\"><\/textarea>\t\t\t\t<\/div>\n\t\t\t\t\t\t\t\t<div class=\"elementor-field-type-textarea elementor-field-group elementor-column elementor-field-group-field_2847d7f elementor-col-100 elementor-field-required\">\n\t\t\t\t\t\t\t\t\t\t\t\t<label for=\"form-field-field_2847d7f\" class=\"elementor-field-label\">\n\t\t\t\t\t\t\t\tCasos de uso y escenarios de aplicaci\u00f3n\t\t\t\t\t\t\t<\/label>\n\t\t\t\t\t\t<textarea class=\"elementor-field-textual elementor-field  elementor-size-sm\" name=\"form_fields[field_2847d7f]\" id=\"form-field-field_2847d7f\" rows=\"4\" placeholder=\"Escriba aqu\u00ed ...\" required=\"required\"><\/textarea>\t\t\t\t<\/div>\n\t\t\t\t\t\t\t\t<div class=\"elementor-field-type-textarea elementor-field-group elementor-column elementor-field-group-field_68531fd elementor-col-100 elementor-field-required\">\n\t\t\t\t\t\t\t\t\t\t\t\t<label for=\"form-field-field_68531fd\" class=\"elementor-field-label\">\n\t\t\t\t\t\t\t\tEquipo y capacidad t\u00e9cnica\t\t\t\t\t\t\t<\/label>\n\t\t\t\t\t\t<textarea class=\"elementor-field-textual elementor-field  elementor-size-sm\" name=\"form_fields[field_68531fd]\" id=\"form-field-field_68531fd\" rows=\"4\" placeholder=\"Escriba aqu\u00ed ...\" required=\"required\"><\/textarea>\t\t\t\t<\/div>\n\t\t\t\t\t\t\t\t<div class=\"elementor-field-type-textarea elementor-field-group elementor-column elementor-field-group-field_4601067 elementor-col-100 elementor-field-required\">\n\t\t\t\t\t\t\t\t\t\t\t\t<label for=\"form-field-field_4601067\" class=\"elementor-field-label\">\n\t\t\t\t\t\t\t\tPropiedad Intelectual y Regulaci\u00f3n\t\t\t\t\t\t\t<\/label>\n\t\t\t\t\t\t<textarea class=\"elementor-field-textual elementor-field  elementor-size-sm\" name=\"form_fields[field_4601067]\" id=\"form-field-field_4601067\" rows=\"4\" placeholder=\"Escriba aqu\u00ed ...\" required=\"required\"><\/textarea>\t\t\t\t<\/div>\n\t\t\t\t\t\t\t\t<div class=\"elementor-field-type-upload elementor-field-group elementor-column elementor-field-group-field_9150808 elementor-col-100 elementor-field-required\">\n\t\t\t\t\t\t\t\t\t\t\t\t<label for=\"form-field-field_9150808\" class=\"elementor-field-label\">\n\t\t\t\t\t\t\t\tCargue los documentos aqu\u00ed: 1. Registro de camara y comercio, 2. Si eres grupo de investigaci\u00f3n (Registro acreditado por la Universidad, 3. Certificado grado de madurez tecnologica TLR2 o superior (Opcional), 4. Certificado de no estar incurso en causal de disoluci\u00f3n\t\t\t\t\t\t\t<\/label>\n\t\t\t\t\t\t\t\t<input type=\"file\" name=\"form_fields[field_9150808][]\" id=\"form-field-field_9150808\" class=\"elementor-field elementor-size-sm  elementor-upload-field\" required=\"required\" multiple=\"multiple\">\n\n\t\t\t\t\t\t<\/div>\n\t\t\t\t\t\t\t\t<div class=\"elementor-field-type-radio elementor-field-group elementor-column elementor-field-group-field_0161109 elementor-col-100 elementor-field-required\">\n\t\t\t\t\t<div class=\"elementor-field-subgroup\"><span class=\"elementor-field-option\"><input type=\"radio\" value=\"Acepto los T\u00e9rminos y Condiciones de la convocatoria y autorizo el tratamiento de mis datos conforme a la normatividad vigente.\" id=\"form-field-field_0161109-0\" name=\"form_fields[field_0161109]\" required=\"required\"> <label for=\"form-field-field_0161109-0\">Acepto los T\u00e9rminos y Condiciones de la convocatoria y autorizo el tratamiento de mis datos conforme a la normatividad vigente.<\/label><\/span><\/div>\t\t\t\t<\/div>\n\t\t\t\t\t\t\t\t<div class=\"elementor-field-group elementor-column elementor-field-type-submit elementor-col-100 e-form__buttons\">\n\t\t\t\t\t<button class=\"elementor-button elementor-size-sm\" type=\"submit\">\n\t\t\t\t\t\t<span class=\"elementor-button-content-wrapper\">\n\t\t\t\t\t\t\t\t\t\t\t\t\t\t\t\t\t\t\t\t\t\t<span class=\"elementor-button-text\">ENVIAR<\/span>\n\t\t\t\t\t\t\t\t\t\t\t\t\t<\/span>\n\t\t\t\t\t<\/button>\n\t\t\t\t<\/div>\n\t\t\t<\/div>\n\t\t<input type=\"hidden\" name=\"trp-form-language\" value=\"en\"\/><\/form>\n\t\t\t\t\t\t<\/div>\n\t\t\t\t<\/div>\n\t\t\t\t<\/div>\n\t\t\t\t<\/div>\n\t\t\t\t\t<\/div>\n\t\t\t\t<\/div>\n\t\t\t\t<\/div>\n\t\t\t\t<\/div>","protected":false},"excerpt":{"rendered":"<p>POSTULACI\u00d3N DIPLOMADO EN BIOECONOM\u00cdA Formulario de postulaci\u00f3n<\/p>","protected":false},"author":1,"featured_media":0,"parent":0,"menu_order":0,"comment_status":"closed","ping_status":"closed","template":"elementor_theme","meta":{"site-sidebar-layout":"no-sidebar","site-content-layout":"","ast-site-content-layout":"full-width-container","site-content-style":"default","site-sidebar-style":"default","ast-global-header-display":"","ast-banner-title-visibility":"","ast-main-header-display":"","ast-hfb-above-header-display":"","ast-hfb-below-header-display":"","ast-hfb-mobile-header-display":"","site-post-title":"disabled","ast-breadcrumbs-content":"","ast-featured-img":"disabled","footer-sml-layout":"","ast-disable-related-posts":"","theme-transparent-header-meta":"","adv-header-id-meta":"","stick-header-meta":"","header-above-stick-meta":"","header-main-stick-meta":"","header-below-stick-meta":"","astra-migrate-meta-layouts":"default","ast-page-background-enabled":"default","ast-page-background-meta":{"desktop":{"background-color":"var(--ast-global-color-5)","background-image":"","background-repeat":"repeat","background-position":"center center","background-size":"auto","background-attachment":"scroll","background-type":"","background-media":"","overlay-type":"","overlay-color":"","overlay-opacity":"","overlay-gradient":""},"tablet":{"background-color":"","background-image":"","background-repeat":"repeat","background-position":"center center","background-size":"auto","background-attachment":"scroll","background-type":"","background-media":"","overlay-type":"","overlay-color":"","overlay-opacity":"","overlay-gradient":""},"mobile":{"background-color":"","background-image":"","background-repeat":"repeat","background-position":"center center","background-size":"auto","background-attachment":"scroll","background-type":"","background-media":"","overlay-type":"","overlay-color":"","overlay-opacity":"","overlay-gradient":""}},"ast-content-background-meta":{"desktop":{"background-color":"var(--ast-global-color-4)","background-image":"","background-repeat":"repeat","background-position":"center center","background-size":"auto","background-attachment":"scroll","background-type":"","background-media":"","overlay-type":"","overlay-color":"","overlay-opacity":"","overlay-gradient":""},"tablet":{"background-color":"var(--ast-global-color-4)","background-image":"","background-repeat":"repeat","background-position":"center center","background-size":"auto","background-attachment":"scroll","background-type":"","background-media":"","overlay-type":"","overlay-color":"","overlay-opacity":"","overlay-gradient":""},"mobile":{"background-color":"var(--ast-global-color-4)","background-image":"","background-repeat":"repeat","background-position":"center center","background-size":"auto","background-attachment":"scroll","background-type":"","background-media":"","overlay-type":"","overlay-color":"","overlay-opacity":"","overlay-gradient":""}},"_joinchat":[],"footnotes":""},"class_list":["post-574","page","type-page","status-publish","hentry"],"aioseo_notices":[],"_links":{"self":[{"href":"https:\/\/hubbioeconomia.com\/en\/wp-json\/wp\/v2\/pages\/574","targetHints":{"allow":["GET"]}}],"collection":[{"href":"https:\/\/hubbioeconomia.com\/en\/wp-json\/wp\/v2\/pages"}],"about":[{"href":"https:\/\/hubbioeconomia.com\/en\/wp-json\/wp\/v2\/types\/page"}],"author":[{"embeddable":true,"href":"https:\/\/hubbioeconomia.com\/en\/wp-json\/wp\/v2\/users\/1"}],"replies":[{"embeddable":true,"href":"https:\/\/hubbioeconomia.com\/en\/wp-json\/wp\/v2\/comments?post=574"}],"version-history":[{"count":134,"href":"https:\/\/hubbioeconomia.com\/en\/wp-json\/wp\/v2\/pages\/574\/revisions"}],"predecessor-version":[{"id":2160,"href":"https:\/\/hubbioeconomia.com\/en\/wp-json\/wp\/v2\/pages\/574\/revisions\/2160"}],"wp:attachment":[{"href":"https:\/\/hubbioeconomia.com\/en\/wp-json\/wp\/v2\/media?parent=574"}],"curies":[{"name":"wp","href":"https:\/\/api.w.org\/{rel}","templated":true}]}}